{"id":27131,"date":"2025-08-12T19:31:12","date_gmt":"2025-08-12T19:31:12","guid":{"rendered":"https:\/\/www.opdrbatibeybatmaci.com\/?page_id=27131"},"modified":"2025-09-11T21:01:14","modified_gmt":"2025-09-11T21:01:14","slug":"minikarin","status":"publish","type":"page","link":"https:\/\/www.opdrbatibeybatmaci.com\/en\/estetikcerrahi\/vucut\/minikarin\/","title":{"rendered":"Mini Tummy Tuck"},"content":{"rendered":"<div class=\"wp-block-uagb-container uagb-block-0usjugdv alignfull uagb-is-root-container\"><div class=\"uagb-container-inner-blocks-wrap\">\n<div class=\"wp-block-uagb-info-box uagb-block-ustdady1 uagb-infobox__content-wrap  uagb-infobox-icon-above-title uagb-infobox-image-valign-top\"><div class=\"uagb-ifb-content\"><div class=\"uagb-ifb-title-wrap\"><h2 class=\"uagb-ifb-title\"><strong><strong>Mini Tummy Tuck <\/strong><\/strong><\/h2><\/div><p class=\"uagb-ifb-desc\">\u201cAchieve a tighter and more aesthetically pleasing appearance in your abdominal area with a mini tummy tuck and enjoy a quick recovery.\u201d<\/p><\/div><\/div>\n<\/div><\/div>\n\n\n\n<div class=\"wp-block-uagb-container uagb-block-h5k0jru6 alignfull uagb-is-root-container\"><div class=\"uagb-container-inner-blocks-wrap\">\n<div class=\"wp-block-uagb-container uagb-layout-grid uagb-block-4ebn0fcc\">\n<div class=\"wp-block-uagb-image uagb-block-x2uyqe3i wp-block-uagb-image--layout-default wp-block-uagb-image--effect-static wp-block-uagb-image--align-none\"><figure class=\"wp-block-uagb-image__figure\"><img decoding=\"async\" srcset=\"https:\/\/www.opdrbatibeybatmaci.com\/wp-content\/uploads\/2025\/09\/instories_F21B64D8-D179-4AD8-B302-B8092B267A5E-819x1024.png ,https:\/\/www.opdrbatibeybatmaci.com\/wp-content\/uploads\/2025\/09\/instories_F21B64D8-D179-4AD8-B302-B8092B267A5E.png 780w, https:\/\/www.opdrbatibeybatmaci.com\/wp-content\/uploads\/2025\/09\/instories_F21B64D8-D179-4AD8-B302-B8092B267A5E.png 360w\" sizes=\"auto, (max-width: 480px) 150px\" src=\"https:\/\/www.opdrbatibeybatmaci.com\/wp-content\/uploads\/2025\/09\/instories_F21B64D8-D179-4AD8-B302-B8092B267A5E-819x1024.png\" alt=\"\" class=\"uag-image-28145\" width=\"282\" height=\"282\" title=\"\" loading=\"lazy\" role=\"img\"\/><\/figure><\/div>\n\n\n\n<div class=\"wp-block-uagb-image uagb-block-gsdi6dk7 wp-block-uagb-image--layout-default wp-block-uagb-image--effect-static wp-block-uagb-image--align-none\"><figure class=\"wp-block-uagb-image__figure\"><img decoding=\"async\" srcset=\"https:\/\/www.opdrbatibeybatmaci.com\/wp-content\/uploads\/2025\/09\/instories_B6E5ADC5-13DA-46A5-974A-EA1C4FE7A18A-819x1024.png ,https:\/\/www.opdrbatibeybatmaci.com\/wp-content\/uploads\/2025\/09\/instories_B6E5ADC5-13DA-46A5-974A-EA1C4FE7A18A.png 780w, https:\/\/www.opdrbatibeybatmaci.com\/wp-content\/uploads\/2025\/09\/instories_B6E5ADC5-13DA-46A5-974A-EA1C4FE7A18A.png 360w\" sizes=\"auto, (max-width: 480px) 150px\" src=\"https:\/\/www.opdrbatibeybatmaci.com\/wp-content\/uploads\/2025\/09\/instories_B6E5ADC5-13DA-46A5-974A-EA1C4FE7A18A-819x1024.png\" alt=\"\" class=\"uag-image-28146\" width=\"282\" height=\"282\" title=\"\" loading=\"lazy\" role=\"img\"\/><\/figure><\/div>\n\n\n\n<div class=\"wp-block-uagb-image uagb-block-ybxuaotn wp-block-uagb-image--layout-default wp-block-uagb-image--effect-static wp-block-uagb-image--align-none\"><figure class=\"wp-block-uagb-image__figure\"><img decoding=\"async\" srcset=\"https:\/\/www.opdrbatibeybatmaci.com\/wp-content\/uploads\/2025\/09\/instories_8B876753-0D4D-41AC-B079-D087EAC4F003-819x1024.png ,https:\/\/www.opdrbatibeybatmaci.com\/wp-content\/uploads\/2025\/09\/instories_8B876753-0D4D-41AC-B079-D087EAC4F003.png 780w, https:\/\/www.opdrbatibeybatmaci.com\/wp-content\/uploads\/2025\/09\/instories_8B876753-0D4D-41AC-B079-D087EAC4F003.png 360w\" sizes=\"auto, (max-width: 480px) 150px\" src=\"https:\/\/www.opdrbatibeybatmaci.com\/wp-content\/uploads\/2025\/09\/instories_8B876753-0D4D-41AC-B079-D087EAC4F003-819x1024.png\" alt=\"\" class=\"uag-image-28143\" width=\"282\" height=\"282\" title=\"\" loading=\"lazy\" role=\"img\"\/><\/figure><\/div>\n\n\n\n<div class=\"wp-block-uagb-image uagb-block-wlharpmq wp-block-uagb-image--layout-default wp-block-uagb-image--effect-static wp-block-uagb-image--align-none\"><figure class=\"wp-block-uagb-image__figure\"><img decoding=\"async\" srcset=\"https:\/\/www.opdrbatibeybatmaci.com\/wp-content\/uploads\/2025\/09\/instories_8F88C9BD-9445-4352-A100-9E0A194E04B2-819x1024.png ,https:\/\/www.opdrbatibeybatmaci.com\/wp-content\/uploads\/2025\/09\/instories_8F88C9BD-9445-4352-A100-9E0A194E04B2.png 780w, https:\/\/www.opdrbatibeybatmaci.com\/wp-content\/uploads\/2025\/09\/instories_8F88C9BD-9445-4352-A100-9E0A194E04B2.png 360w\" sizes=\"auto, (max-width: 480px) 150px\" src=\"https:\/\/www.opdrbatibeybatmaci.com\/wp-content\/uploads\/2025\/09\/instories_8F88C9BD-9445-4352-A100-9E0A194E04B2-819x1024.png\" alt=\"\" class=\"uag-image-28144\" width=\"282\" height=\"282\" title=\"\" loading=\"lazy\" role=\"img\"\/><\/figure><\/div>\n<\/div>\n<\/div><\/div>\n\n\n\n<div class=\"wp-block-uagb-container uagb-block-doksowe8 alignfull uagb-is-root-container\"><div class=\"uagb-container-inner-blocks-wrap\">\n<div class=\"wp-block-uagb-info-box uagb-block-yo2x6vcf uagb-infobox__content-wrap  uagb-infobox-icon-above-title uagb-infobox-image-valign-top\"><div class=\"uagb-ifb-content\"><div class=\"uagb-ifb-title-wrap\"><h2 class=\"uagb-ifb-title\"><strong><strong>What is a Mini Tummy Tuck?<\/strong><\/strong><\/h2><\/div><\/div><\/div>\n\n\n\n<div class=\"wp-block-uagb-container uagb-block-n59kasqn\">\n<div class=\"wp-block-uagb-info-box uagb-block-dshkxslc uagb-infobox__content-wrap  uagb-infobox-icon-above-title uagb-infobox-image-valign-top\"><div class=\"uagb-ifb-content\"><div class=\"uagb-ifb-title-wrap\"><\/div><p class=\"uagb-ifb-desc\">A mini tummy tuck is a less extensive surgical procedure performed to remove mild or moderate sagging skin and fat deposits in the abdominal area.<\/p><\/div><\/div>\n\n\n\n<div class=\"wp-block-uagb-info-box uagb-block-wdnqd6rb uagb-infobox__content-wrap  uagb-infobox-icon-above-title uagb-infobox-image-valign-top\"><div class=\"uagb-ifb-content\"><div class=\"uagb-ifb-title-wrap\"><\/div><p class=\"uagb-ifb-desc\">This procedure is less invasive than a tummy tuck and is an ideal option for suitable patients. However, it is only suitable for a small percentage of patients.<\/p><\/div><\/div>\n<\/div>\n\n\n\n<div class=\"wp-block-uagb-info-box uagb-block-76f286dc uagb-infobox__content-wrap  uagb-infobox-icon-above-title uagb-infobox-image-valign-top\"><div class=\"uagb-ifb-content\"><div class=\"uagb-ifb-title-wrap\"><h2 class=\"uagb-ifb-title\">How is Mini Tummy Tuck Performed?<\/h2><\/div><\/div><\/div>\n\n\n\n<div class=\"wp-block-uagb-container uagb-block-453e60ce\">\n<div class=\"wp-block-uagb-info-box uagb-block-0f2728d3 uagb-infobox__content-wrap  uagb-infobox-icon-above-title uagb-infobox-image-valign-top\"><div class=\"uagb-ifb-content\"><div class=\"uagb-ifb-title-wrap\"><\/div><p class=\"uagb-ifb-desc\">The surgery is usually performed through a smaller incision in the groin area. A limited area of \u200b\u200bexcess skin and fatty tissue is removed, and muscle tightening is generally less severe. The procedure is performed under general anesthesia and takes less time than a tummy tuck.<\/p><\/div><\/div>\n\n\n\n<div class=\"wp-block-uagb-info-box uagb-block-b29556c8 uagb-infobox__content-wrap  uagb-infobox-icon-above-title uagb-infobox-image-valign-top\"><div class=\"uagb-ifb-content\"><div class=\"uagb-ifb-title-wrap\"><\/div><p class=\"uagb-ifb-desc\">The incision is planned to remain within the bikini line and the healing process is faster.<\/p><\/div><\/div>\n<\/div>\n\n\n\n<div class=\"wp-block-uagb-container uagb-block-k9jww6bs\">\n<div class=\"wp-block-uagb-info-box uagb-block-yy4n2vje uagb-infobox__content-wrap  uagb-infobox-icon-above-title uagb-infobox-image-valign-top\"><div class=\"uagb-ifb-content\"><div class=\"uagb-ifb-icon-wrap\"><svg xmlns=\"https:\/\/www.w3.org\/2000\/svg\" viewbox=\"0 0 448 512\"><path d=\"M438.6 105.4C451.1 117.9 451.1 138.1 438.6 150.6L182.6 406.6C170.1 419.1 149.9 419.1 137.4 406.6L9.372 278.6C-3.124 266.1-3.124 245.9 9.372 233.4C21.87 220.9 42.13 220.9 54.63 233.4L159.1 338.7L393.4 105.4C405.9 92.88 426.1 92.88 438.6 105.4H438.6z\"><\/path><\/svg><\/div><div class=\"uagb-ifb-title-wrap\"><p class=\"uagb-ifb-title\">Day 1<\/p><\/div><p class=\"uagb-ifb-desc\">There may be mild pain and swelling, rest is recommended.<\/p><\/div><\/div>\n\n\n\n<div class=\"wp-block-uagb-info-box uagb-block-uteh100e uagb-infobox__content-wrap  uagb-infobox-icon-above-title uagb-infobox-image-valign-top\"><div class=\"uagb-ifb-content\"><div class=\"uagb-ifb-icon-wrap\"><svg xmlns=\"https:\/\/www.w3.org\/2000\/svg\" viewbox=\"0 0 448 512\"><path d=\"M438.6 105.4C451.1 117.9 451.1 138.1 438.6 150.6L182.6 406.6C170.1 419.1 149.9 419.1 137.4 406.6L9.372 278.6C-3.124 266.1-3.124 245.9 9.372 233.4C21.87 220.9 42.13 220.9 54.63 233.4L159.1 338.7L393.4 105.4C405.9 92.88 426.1 92.88 438.6 105.4H438.6z\"><\/path><\/svg><\/div><div class=\"uagb-ifb-title-wrap\"><p class=\"uagb-ifb-title\">Day 7<\/p><\/div><p class=\"uagb-ifb-desc\">The swelling decreases and light walks can be started.<\/p><\/div><\/div>\n\n\n\n<div class=\"wp-block-uagb-info-box uagb-block-p7si8rbr uagb-infobox__content-wrap  uagb-infobox-icon-above-title uagb-infobox-image-valign-top\"><div class=\"uagb-ifb-content\"><div class=\"uagb-ifb-icon-wrap\"><svg xmlns=\"https:\/\/www.w3.org\/2000\/svg\" viewbox=\"0 0 448 512\"><path d=\"M438.6 105.4C451.1 117.9 451.1 138.1 438.6 150.6L182.6 406.6C170.1 419.1 149.9 419.1 137.4 406.6L9.372 278.6C-3.124 266.1-3.124 245.9 9.372 233.4C21.87 220.9 42.13 220.9 54.63 233.4L159.1 338.7L393.4 105.4C405.9 92.88 426.1 92.88 438.6 105.4H438.6z\"><\/path><\/svg><\/div><div class=\"uagb-ifb-title-wrap\"><p class=\"uagb-ifb-title\">1st Month<\/p><\/div><p class=\"uagb-ifb-desc\">The abdominal area becomes firmer and begins to take shape.<\/p><\/div><\/div>\n\n\n\n<div class=\"wp-block-uagb-info-box uagb-block-zmpz7hkf uagb-infobox__content-wrap  uagb-infobox-icon-above-title uagb-infobox-image-valign-top\"><div class=\"uagb-ifb-content\"><div class=\"uagb-ifb-icon-wrap\"><svg xmlns=\"https:\/\/www.w3.org\/2000\/svg\" viewbox=\"0 0 448 512\"><path d=\"M438.6 105.4C451.1 117.9 451.1 138.1 438.6 150.6L182.6 406.6C170.1 419.1 149.9 419.1 137.4 406.6L9.372 278.6C-3.124 266.1-3.124 245.9 9.372 233.4C21.87 220.9 42.13 220.9 54.63 233.4L159.1 338.7L393.4 105.4C405.9 92.88 426.1 92.88 438.6 105.4H438.6z\"><\/path><\/svg><\/div><div class=\"uagb-ifb-title-wrap\"><p class=\"uagb-ifb-title\">1st Year<\/p><\/div><p class=\"uagb-ifb-desc\">The result is completely set and permanent.<\/p><\/div><\/div>\n<\/div>\n<\/div><\/div>\n\n\n\n<div class=\"wp-block-uagb-container uagb-block-mf0myscf alignfull uagb-is-root-container\"><div class=\"uagb-container-inner-blocks-wrap\">\n<div class=\"wp-block-uagb-advanced-heading uagb-block-btz2k6qt\"><h2 class=\"uagb-heading-text\">Frequently Asked Questions (FAQ)<\/h2><p class=\"uagb-desc-text\">For All Questions <a href=\"https:\/\/www.opdrbatibeybatmaci.com\/en\/cerrahi\/meme\/\" data-type=\"page\" data-id=\"26877\">Click Here<\/a>.<\/p><\/div>\n\n\n<div class=\"wp-block-uagb-faq uagb-faq__outer-wrap uagb-block-e7plgqhf uagb-faq-icon-row-reverse uagb-faq-layout-accordion uagb-faq-expand-first-true uagb-faq-inactive-other-true uagb-faq__wrap uagb-buttons-layout-wrap uagb-faq-equal-height\" data-faqtoggle=\"true\" role=\"tablist\"><div class=\"wp-block-uagb-faq-child uagb-faq-child__outer-wrap uagb-faq-item uagb-block-618otmho\" role=\"tab\" tabindex=\"0\"><div class=\"uagb-faq-questions-button uagb-faq-questions\">\t\t\t<span class=\"uagb-icon uagb-faq-icon-wrap\">\n\t\t\t\t\t\t\t\t<svg xmlns=\"https:\/\/www.w3.org\/2000\/svg\" viewbox= \"0 0 448 512\"><path d=\"M432 256c0 17.69-14.33 32.01-32 32.01H256v144c0 17.69-14.33 31.99-32 31.99s-32-14.3-32-31.99v-144H48c-17.67 0-32-14.32-32-32.01s14.33-31.99 32-31.99H192v-144c0-17.69 14.33-32.01 32-32.01s32 14.32 32 32.01v144h144C417.7 224 432 238.3 432 256z\"><\/path><\/svg>\n\t\t\t\t\t\t\t<\/span>\n\t\t\t\t\t\t<span class=\"uagb-icon-active uagb-faq-icon-wrap\">\n\t\t\t\t\t\t\t\t<svg xmlns=\"https:\/\/www.w3.org\/2000\/svg\" viewbox= \"0 0 448 512\"><path d=\"M400 288h-352c-17.69 0-32-14.32-32-32.01s14.31-31.99 32-31.99h352c17.69 0 32 14.3 32 31.99S417.7 288 400 288z\"><\/path><\/svg>\n\t\t\t\t\t\t\t<\/span>\n\t\t\t<p class=\"uagb-question\">Can a mini tummy tuck be performed on everyone?<\/p><\/div><div class=\"uagb-faq-content\"><p>No, this method is only suitable for generally healthy patients with mild or moderate abdominal sagging.<\/p><\/div><\/div><div class=\"wp-block-uagb-faq-child uagb-faq-child__outer-wrap uagb-faq-item uagb-block-gsye0w12\" role=\"tab\" tabindex=\"0\"><div class=\"uagb-faq-questions-button uagb-faq-questions\">\t\t\t<span class=\"uagb-icon uagb-faq-icon-wrap\">\n\t\t\t\t\t\t\t\t<svg xmlns=\"https:\/\/www.w3.org\/2000\/svg\" viewbox= \"0 0 448 512\"><path d=\"M432 256c0 17.69-14.33 32.01-32 32.01H256v144c0 17.69-14.33 31.99-32 31.99s-32-14.3-32-31.99v-144H48c-17.67 0-32-14.32-32-32.01s14.33-31.99 32-31.99H192v-144c0-17.69 14.33-32.01 32-32.01s32 14.32 32 32.01v144h144C417.7 224 432 238.3 432 256z\"><\/path><\/svg>\n\t\t\t\t\t\t\t<\/span>\n\t\t\t\t\t\t<span class=\"uagb-icon-active uagb-faq-icon-wrap\">\n\t\t\t\t\t\t\t\t<svg xmlns=\"https:\/\/www.w3.org\/2000\/svg\" viewbox= \"0 0 448 512\"><path d=\"M400 288h-352c-17.69 0-32-14.32-32-32.01s14.31-31.99 32-31.99h352c17.69 0 32 14.3 32 31.99S417.7 288 400 288z\"><\/path><\/svg>\n\t\t\t\t\t\t\t<\/span>\n\t\t\t<p class=\"uagb-question\">Is the recovery period shorter than a regular tummy tuck?<\/p><\/div><div class=\"uagb-faq-content\"><p>Yes, because it is less invasive, the recovery process is usually quicker.<\/p><\/div><\/div><div class=\"wp-block-uagb-faq-child uagb-faq-child__outer-wrap uagb-faq-item uagb-block-jqgvsnfe\" role=\"tab\" tabindex=\"0\"><div class=\"uagb-faq-questions-button uagb-faq-questions\">\t\t\t<span class=\"uagb-icon uagb-faq-icon-wrap\">\n\t\t\t\t\t\t\t\t<svg xmlns=\"https:\/\/www.w3.org\/2000\/svg\" viewbox= \"0 0 448 512\"><path d=\"M432 256c0 17.69-14.33 32.01-32 32.01H256v144c0 17.69-14.33 31.99-32 31.99s-32-14.3-32-31.99v-144H48c-17.67 0-32-14.32-32-32.01s14.33-31.99 32-31.99H192v-144c0-17.69 14.33-32.01 32-32.01s32 14.32 32 32.01v144h144C417.7 224 432 238.3 432 256z\"><\/path><\/svg>\n\t\t\t\t\t\t\t<\/span>\n\t\t\t\t\t\t<span class=\"uagb-icon-active uagb-faq-icon-wrap\">\n\t\t\t\t\t\t\t\t<svg xmlns=\"https:\/\/www.w3.org\/2000\/svg\" viewbox= \"0 0 448 512\"><path d=\"M400 288h-352c-17.69 0-32-14.32-32-32.01s14.31-31.99 32-31.99h352c17.69 0 32 14.3 32 31.99S417.7 288 400 288z\"><\/path><\/svg>\n\t\t\t\t\t\t\t<\/span>\n\t\t\t<p class=\"uagb-question\">Is the incision scar large?<\/p><\/div><div class=\"uagb-faq-content\"><p>The incision is made small and hidden in the bikini line.<\/p><\/div><\/div><\/div><\/div><\/div>","protected":false},"excerpt":{"rendered":"<p>S\u0131k\u00e7a Sorulan Sorular T\u00fcm Sorular i\u00e7in t\u0131klay\u0131n\u0131z.<\/p>","protected":false},"author":1,"featured_media":0,"parent":27023,"menu_order":2,"comment_status":"closed","ping_status":"closed","template":"","meta":{"_uag_custom_page_level_css":"","site-sidebar-layout":"no-sidebar","site-content-layout":"plain-container","ast-site-content-layout":"normal-width-container","site-content-style":"unboxed","site-sidebar-style":"unboxed","ast-global-header-display":"","ast-banner-title-visibility":"","ast-main-header-display":"","ast-hfb-above-header-display":"","ast-hfb-below-header-display":"","ast-hfb-mobile-header-display":"","site-post-title":"disabled","ast-breadcrumbs-content":"","ast-featured-img":"disabled","footer-sml-layout":"","theme-transparent-header-meta":"enabled","adv-header-id-meta":"","stick-header-meta":"","header-above-stick-meta":"","header-main-stick-meta":"","header-below-stick-meta":"","astra-migrate-meta-layouts":"set","ast-page-background-enabled":"default","ast-page-background-meta":{"desktop":{"background-color":"","background-image":"","background-repeat":"repeat","background-position":"center center","background-size":"auto","background-attachment":"scroll","background-type":"","background-media":"","overlay-type":"","overlay-color":"","overlay-opacity":"","overlay-gradient":""},"tablet":{"background-color":"","background-image":"","background-repeat":"repeat","background-position":"center center","background-size":"auto","background-attachment":"scroll","background-type":"","background-media":"","overlay-type":"","overlay-color":"","overlay-opacity":"","overlay-gradient":""},"mobile":{"background-color":"","background-image":"","background-repeat":"repeat","background-position":"center center","background-size":"auto","background-attachment":"scroll","background-type":"","background-media":"","overlay-type":"","overlay-color":"","overlay-opacity":"","overlay-gradient":""}},"ast-content-background-meta":{"desktop":{"background-color":"var(--ast-global-color-5)","background-image":"","background-repeat":"repeat","background-position":"center center","background-size":"auto","background-attachment":"scroll","background-type":"","background-media":"","overlay-type":"","overlay-color":"","overlay-opacity":"","overlay-gradient":""},"tablet":{"background-color":"var(--ast-global-color-5)","background-image":"","background-repeat":"repeat","background-position":"center center","background-size":"auto","background-attachment":"scroll","background-type":"","background-media":"","overlay-type":"","overlay-color":"","overlay-opacity":"","overlay-gradient":""},"mobile":{"background-color":"var(--ast-global-color-5)","background-image":"","background-repeat":"repeat","background-position":"center center","background-size":"auto","background-attachment":"scroll","background-type":"","background-media":"","overlay-type":"","overlay-color":"","overlay-opacity":"","overlay-gradient":""}},"footnotes":""},"class_list":["post-27131","page","type-page","status-publish","hentry"],"yoast_head":"<!-- This site is optimized with the Yoast SEO plugin v25.9 - https:\/\/yoast.com\/wordpress\/plugins\/seo\/ -->\n<title>Mini Kar\u0131n Germe - Op. Dr. Bat\u0131bey Batmac\u0131<\/title>\n<meta name=\"robots\" content=\"index, follow, max-snippet:-1, max-image-preview:large, max-video-preview:-1\" \/>\n<link rel=\"canonical\" href=\"https:\/\/www.opdrbatibeybatmaci.com\/en\/estetikcerrahi\/vucut\/minikarin\/\" \/>\n<meta property=\"og:locale\" content=\"en_GB\" \/>\n<meta property=\"og:type\" content=\"article\" \/>\n<meta property=\"og:title\" content=\"Mini Kar\u0131n Germe - Op. Dr. Bat\u0131bey Batmac\u0131\" \/>\n<meta property=\"og:description\" content=\"S\u0131k\u00e7a Sorulan Sorular T\u00fcm Sorular i\u00e7in t\u0131klay\u0131n\u0131z.\" \/>\n<meta property=\"og:url\" content=\"https:\/\/www.opdrbatibeybatmaci.com\/en\/estetikcerrahi\/vucut\/minikarin\/\" \/>\n<meta property=\"og:site_name\" content=\"Op. Dr. Bat\u0131bey Batmac\u0131\" \/>\n<meta property=\"article:modified_time\" content=\"2025-09-11T21:01:14+00:00\" \/>\n<meta property=\"og:image\" content=\"https:\/\/www.opdrbatibeybatmaci.com\/wp-content\/uploads\/2025\/09\/instories_F21B64D8-D179-4AD8-B302-B8092B267A5E-819x1024.png\" \/>\n<meta name=\"twitter:card\" content=\"summary_large_image\" \/>\n<meta name=\"twitter:label1\" content=\"Estimated reading time\" \/>\n\t<meta name=\"twitter:data1\" content=\"3 minutes\" \/>\n<script type=\"application\/ld+json\" class=\"yoast-schema-graph\">{\"@context\":\"https:\/\/schema.org\",\"@graph\":[{\"@type\":\"WebPage\",\"@id\":\"https:\/\/www.opdrbatibeybatmaci.com\/estetikcerrahi\/vucut\/minikarin\/\",\"url\":\"https:\/\/www.opdrbatibeybatmaci.com\/estetikcerrahi\/vucut\/minikarin\/\",\"name\":\"Mini Kar\u0131n Germe - Op. Dr. Bat\u0131bey Batmac\u0131\",\"isPartOf\":{\"@id\":\"https:\/\/www.opdrbatibeybatmaci.com\/en\/#website\"},\"primaryImageOfPage\":{\"@id\":\"https:\/\/www.opdrbatibeybatmaci.com\/estetikcerrahi\/vucut\/minikarin\/#primaryimage\"},\"image\":{\"@id\":\"https:\/\/www.opdrbatibeybatmaci.com\/estetikcerrahi\/vucut\/minikarin\/#primaryimage\"},\"thumbnailUrl\":\"https:\/\/www.opdrbatibeybatmaci.com\/wp-content\/uploads\/2025\/09\/instories_F21B64D8-D179-4AD8-B302-B8092B267A5E-819x1024.png\",\"datePublished\":\"2025-08-12T19:31:12+00:00\",\"dateModified\":\"2025-09-11T21:01:14+00:00\",\"breadcrumb\":{\"@id\":\"https:\/\/www.opdrbatibeybatmaci.com\/estetikcerrahi\/vucut\/minikarin\/#breadcrumb\"},\"inLanguage\":\"en-GB\",\"potentialAction\":[{\"@type\":\"ReadAction\",\"target\":[\"https:\/\/www.opdrbatibeybatmaci.com\/estetikcerrahi\/vucut\/minikarin\/\"]}]},{\"@type\":\"ImageObject\",\"inLanguage\":\"en-GB\",\"@id\":\"https:\/\/www.opdrbatibeybatmaci.com\/estetikcerrahi\/vucut\/minikarin\/#primaryimage\",\"url\":\"https:\/\/www.opdrbatibeybatmaci.com\/wp-content\/uploads\/2025\/09\/instories_F21B64D8-D179-4AD8-B302-B8092B267A5E-819x1024.png\",\"contentUrl\":\"https:\/\/www.opdrbatibeybatmaci.com\/wp-content\/uploads\/2025\/09\/instories_F21B64D8-D179-4AD8-B302-B8092B267A5E-819x1024.png\"},{\"@type\":\"BreadcrumbList\",\"@id\":\"https:\/\/www.opdrbatibeybatmaci.com\/estetikcerrahi\/vucut\/minikarin\/#breadcrumb\",\"itemListElement\":[{\"@type\":\"ListItem\",\"position\":1,\"name\":\"Anasayfa\",\"item\":\"https:\/\/www.opdrbatibeybatmaci.com\/\"},{\"@type\":\"ListItem\",\"position\":2,\"name\":\"Estetik Cerrahi\",\"item\":\"https:\/\/www.opdrbatibeybatmaci.com\/estetikcerrahi\/\"},{\"@type\":\"ListItem\",\"position\":3,\"name\":\"V\u00fccut \u015eekillendirme\",\"item\":\"https:\/\/www.opdrbatibeybatmaci.com\/estetikcerrahi\/vucut\/\"},{\"@type\":\"ListItem\",\"position\":4,\"name\":\"Mini Kar\u0131n Germe\"}]},{\"@type\":\"WebSite\",\"@id\":\"https:\/\/www.opdrbatibeybatmaci.com\/en\/#website\",\"url\":\"https:\/\/www.opdrbatibeybatmaci.com\/en\/\",\"name\":\"Op. Dr. Bat\u0131bey Batmac\u0131\",\"description\":\"Plastik, Rekonstr\u00fcktif ve Estetik Cerrah\",\"potentialAction\":[{\"@type\":\"SearchAction\",\"target\":{\"@type\":\"EntryPoint\",\"urlTemplate\":\"https:\/\/www.opdrbatibeybatmaci.com\/en\/?s={search_term_string}\"},\"query-input\":{\"@type\":\"PropertyValueSpecification\",\"valueRequired\":true,\"valueName\":\"search_term_string\"}}],\"inLanguage\":\"en-GB\"}]}<\/script>\n<!-- \/ Yoast SEO plugin. -->","yoast_head_json":{"title":"Mini Kar\u0131n Germe - Op. Dr. Bat\u0131bey Batmac\u0131","robots":{"index":"index","follow":"follow","max-snippet":"max-snippet:-1","max-image-preview":"max-image-preview:large","max-video-preview":"max-video-preview:-1"},"canonical":"https:\/\/www.opdrbatibeybatmaci.com\/en\/estetikcerrahi\/vucut\/minikarin\/","og_locale":"en_GB","og_type":"article","og_title":"Mini Kar\u0131n Germe - Op. Dr. Bat\u0131bey Batmac\u0131","og_description":"S\u0131k\u00e7a Sorulan Sorular T\u00fcm Sorular i\u00e7in t\u0131klay\u0131n\u0131z.","og_url":"https:\/\/www.opdrbatibeybatmaci.com\/en\/estetikcerrahi\/vucut\/minikarin\/","og_site_name":"Op. Dr. Bat\u0131bey Batmac\u0131","article_modified_time":"2025-09-11T21:01:14+00:00","og_image":[{"url":"https:\/\/www.opdrbatibeybatmaci.com\/wp-content\/uploads\/2025\/09\/instories_F21B64D8-D179-4AD8-B302-B8092B267A5E-819x1024.png","type":"","width":"","height":""}],"twitter_card":"summary_large_image","twitter_misc":{"Estimated reading time":"3 minutes"},"schema":{"@context":"https:\/\/schema.org","@graph":[{"@type":"WebPage","@id":"https:\/\/www.opdrbatibeybatmaci.com\/estetikcerrahi\/vucut\/minikarin\/","url":"https:\/\/www.opdrbatibeybatmaci.com\/estetikcerrahi\/vucut\/minikarin\/","name":"Mini Kar\u0131n Germe - Op. Dr. Bat\u0131bey Batmac\u0131","isPartOf":{"@id":"https:\/\/www.opdrbatibeybatmaci.com\/en\/#website"},"primaryImageOfPage":{"@id":"https:\/\/www.opdrbatibeybatmaci.com\/estetikcerrahi\/vucut\/minikarin\/#primaryimage"},"image":{"@id":"https:\/\/www.opdrbatibeybatmaci.com\/estetikcerrahi\/vucut\/minikarin\/#primaryimage"},"thumbnailUrl":"https:\/\/www.opdrbatibeybatmaci.com\/wp-content\/uploads\/2025\/09\/instories_F21B64D8-D179-4AD8-B302-B8092B267A5E-819x1024.png","datePublished":"2025-08-12T19:31:12+00:00","dateModified":"2025-09-11T21:01:14+00:00","breadcrumb":{"@id":"https:\/\/www.opdrbatibeybatmaci.com\/estetikcerrahi\/vucut\/minikarin\/#breadcrumb"},"inLanguage":"en-GB","potentialAction":[{"@type":"ReadAction","target":["https:\/\/www.opdrbatibeybatmaci.com\/estetikcerrahi\/vucut\/minikarin\/"]}]},{"@type":"ImageObject","inLanguage":"en-GB","@id":"https:\/\/www.opdrbatibeybatmaci.com\/estetikcerrahi\/vucut\/minikarin\/#primaryimage","url":"https:\/\/www.opdrbatibeybatmaci.com\/wp-content\/uploads\/2025\/09\/instories_F21B64D8-D179-4AD8-B302-B8092B267A5E-819x1024.png","contentUrl":"https:\/\/www.opdrbatibeybatmaci.com\/wp-content\/uploads\/2025\/09\/instories_F21B64D8-D179-4AD8-B302-B8092B267A5E-819x1024.png"},{"@type":"BreadcrumbList","@id":"https:\/\/www.opdrbatibeybatmaci.com\/estetikcerrahi\/vucut\/minikarin\/#breadcrumb","itemListElement":[{"@type":"ListItem","position":1,"name":"Anasayfa","item":"https:\/\/www.opdrbatibeybatmaci.com\/"},{"@type":"ListItem","position":2,"name":"Estetik Cerrahi","item":"https:\/\/www.opdrbatibeybatmaci.com\/estetikcerrahi\/"},{"@type":"ListItem","position":3,"name":"V\u00fccut \u015eekillendirme","item":"https:\/\/www.opdrbatibeybatmaci.com\/estetikcerrahi\/vucut\/"},{"@type":"ListItem","position":4,"name":"Mini Kar\u0131n Germe"}]},{"@type":"WebSite","@id":"https:\/\/www.opdrbatibeybatmaci.com\/en\/#website","url":"https:\/\/www.opdrbatibeybatmaci.com\/en\/","name":"Op. Dr. Bat\u0131bey Batmac\u0131","description":"Plastic, Reconstructive and Aesthetic Surgeon","potentialAction":[{"@type":"SearchAction","target":{"@type":"EntryPoint","urlTemplate":"https:\/\/www.opdrbatibeybatmaci.com\/en\/?s={search_term_string}"},"query-input":{"@type":"PropertyValueSpecification","valueRequired":true,"valueName":"search_term_string"}}],"inLanguage":"en-GB"}]}},"uagb_featured_image_src":{"full":false,"thumbnail":false,"medium":false,"medium_large":false,"large":false,"1536x1536":false,"2048x2048":false,"trp-custom-language-flag":false},"uagb_author_info":{"display_name":"mavi","author_link":"https:\/\/www.opdrbatibeybatmaci.com\/en\/author\/aslan\/"},"uagb_comment_info":0,"uagb_excerpt":"S\u0131k\u00e7a Sorulan Sorular T\u00fcm Sorular i\u00e7in t\u0131klay\u0131n\u0131z.","_links":{"self":[{"href":"https:\/\/www.opdrbatibeybatmaci.com\/en\/wp-json\/wp\/v2\/pages\/27131","targetHints":{"allow":["GET"]}}],"collection":[{"href":"https:\/\/www.opdrbatibeybatmaci.com\/en\/wp-json\/wp\/v2\/pages"}],"about":[{"href":"https:\/\/www.opdrbatibeybatmaci.com\/en\/wp-json\/wp\/v2\/types\/page"}],"author":[{"embeddable":true,"href":"https:\/\/www.opdrbatibeybatmaci.com\/en\/wp-json\/wp\/v2\/users\/1"}],"replies":[{"embeddable":true,"href":"https:\/\/www.opdrbatibeybatmaci.com\/en\/wp-json\/wp\/v2\/comments?post=27131"}],"version-history":[{"count":17,"href":"https:\/\/www.opdrbatibeybatmaci.com\/en\/wp-json\/wp\/v2\/pages\/27131\/revisions"}],"predecessor-version":[{"id":28479,"href":"https:\/\/www.opdrbatibeybatmaci.com\/en\/wp-json\/wp\/v2\/pages\/27131\/revisions\/28479"}],"up":[{"embeddable":true,"href":"https:\/\/www.opdrbatibeybatmaci.com\/en\/wp-json\/wp\/v2\/pages\/27023"}],"wp:attachment":[{"href":"https:\/\/www.opdrbatibeybatmaci.com\/en\/wp-json\/wp\/v2\/media?parent=27131"}],"curies":[{"name":"wp","href":"https:\/\/api.w.org\/{rel}","templated":true}]}}