{"id":28216,"date":"2025-09-04T19:32:22","date_gmt":"2025-09-04T19:32:22","guid":{"rendered":"https:\/\/www.opdrbatibeybatmaci.com\/?page_id=28216"},"modified":"2025-09-11T21:28:55","modified_gmt":"2025-09-11T21:28:55","slug":"galeri6","status":"publish","type":"page","link":"https:\/\/www.opdrbatibeybatmaci.com\/en\/galeri\/galeri6\/","title":{"rendered":"Breast Aesthetic Surgery"},"content":{"rendered":"<div class=\"wp-block-uagb-container uagb-block-ohuysb68 alignfull uagb-is-root-container\"><div class=\"uagb-container-inner-blocks-wrap\">\n<div class=\"wp-block-uagb-container uagb-block-fpd4idf2 alignfull uagb-is-root-container\"><div class=\"uagb-container-inner-blocks-wrap\">\n<div class=\"wp-block-uagb-container uagb-block-eb4nudmd\">\n<div class=\"wp-block-uagb-info-box uagb-block-ss0wzzsj uagb-infobox__content-wrap  uagb-infobox-icon-above-title uagb-infobox-image-valign-top\"><div class=\"uagb-ifb-content\"><div class=\"uagb-ifb-title-wrap\"><h2 class=\"uagb-ifb-title\">Discover the Transformation<\/h2><\/div><\/div><\/div>\n\n\n\n<div class=\"wp-block-uagb-info-box uagb-block-zuo8dexl uagb-infobox__content-wrap  uagb-infobox-icon-above-title uagb-infobox-image-valign-top\"><div class=\"uagb-ifb-content\"><div class=\"uagb-ifb-title-wrap\"><\/div><p class=\"uagb-ifb-desc\">Discover the changes of our patients with before and after photos<\/p><\/div><\/div>\n<\/div>\n\n\n\n<div class=\"wp-block-uagb-container uagb-block-98a4f63d\"><nav class=\"has-text-color has-ast-global-color-4-color wp-block-navigation is-layout-flex wp-block-navigation-is-layout-flex\" aria-label=\"Galeri Kategori\"><ul class=\"wp-block-navigation__container has-text-color has-ast-global-color-4-color wp-block-navigation\"><li class=\"wp-block-navigation-item wp-block-navigation-link\"><a class=\"wp-block-navigation-item__content\"  href=\"https:\/\/www.opdrbatibeybatmaci.com\/en\/galeri\/galeri1\/\"><span class=\"wp-block-navigation-item__label\">Medical Aesthetic<\/span><\/a><\/li><li class=\"wp-block-navigation-item wp-block-navigation-link\"><a class=\"wp-block-navigation-item__content\"  href=\"https:\/\/www.opdrbatibeybatmaci.com\/en\/galeri\/galeri5\/\"><span class=\"wp-block-navigation-item__label\">Rhinoplasty<\/span><\/a><\/li><li class=\"wp-block-navigation-item wp-block-navigation-link\"><a class=\"wp-block-navigation-item__content\"  href=\"https:\/\/www.opdrbatibeybatmaci.com\/en\/galeri\/galeri2\/\"><span class=\"wp-block-navigation-item__label\">Facial Aesthetic Surgery<\/span><\/a><\/li><li class=\"wp-block-navigation-item wp-block-navigation-link\"><a class=\"wp-block-navigation-item__content\"  href=\"https:\/\/www.opdrbatibeybatmaci.com\/en\/galeri\/galeri6\/\"><span class=\"wp-block-navigation-item__label\">Breast Aesthetic Surgery<\/span><\/a><\/li><li class=\"wp-block-navigation-item wp-block-navigation-link\"><a class=\"wp-block-navigation-item__content\"  href=\"https:\/\/www.opdrbatibeybatmaci.com\/en\/galeri\/galeri3\/\"><span class=\"wp-block-navigation-item__label\">Aesthetic Body Contouring<\/span><\/a><\/li><li class=\"wp-block-navigation-item wp-block-navigation-link\"><a class=\"wp-block-navigation-item__content\"  href=\"https:\/\/www.opdrbatibeybatmaci.com\/en\/galeri\/galeri4\/\"><span class=\"wp-block-navigation-item__label\">Combined Aesthetic Surgery<\/span><\/a><\/li><\/ul><\/nav><\/div>\n<\/div><\/div>\n\n\n\n<div class=\"wp-block-uagb-container uagb-layout-grid uagb-block-eaeis14l\">\n<div class=\"wp-block-uagb-image alignleft uagb-block-azgxumwd wp-block-uagb-image--layout-default wp-block-uagb-image--effect-static wp-block-uagb-image--align-left\"><figure class=\"wp-block-uagb-image__figure\"><img decoding=\"async\" srcset=\"https:\/\/www.opdrbatibeybatmaci.com\/wp-content\/uploads\/2025\/08\/E40930AC-4C8B-4C58-B121-FA60C2E6472F-scaled-e1755038039435-1024x964.jpeg ,https:\/\/www.opdrbatibeybatmaci.com\/wp-content\/uploads\/2025\/08\/E40930AC-4C8B-4C58-B121-FA60C2E6472F-scaled-e1755038039435.jpeg 780w, https:\/\/www.opdrbatibeybatmaci.com\/wp-content\/uploads\/2025\/08\/E40930AC-4C8B-4C58-B121-FA60C2E6472F-scaled-e1755038039435.jpeg 360w\" sizes=\"auto, (max-width: 480px) 150px\" src=\"https:\/\/www.opdrbatibeybatmaci.com\/wp-content\/uploads\/2025\/08\/E40930AC-4C8B-4C58-B121-FA60C2E6472F-scaled-e1755038039435-1024x964.jpeg\" alt=\"\" class=\"uag-image-27274\" width=\"588\" height=\"450\" title=\"\" loading=\"lazy\" role=\"img\"\/><\/figure><\/div>\n\n\n\n<div class=\"wp-block-uagb-image alignleft uagb-block-ctscjcd3 wp-block-uagb-image--layout-default wp-block-uagb-image--effect-static wp-block-uagb-image--align-left\"><figure class=\"wp-block-uagb-image__figure\"><img decoding=\"async\" srcset=\"https:\/\/www.opdrbatibeybatmaci.com\/wp-content\/uploads\/2025\/08\/D3C5DD7D-1142-4F78-AFA9-DAF31B75B707-1024x1024.jpeg ,https:\/\/www.opdrbatibeybatmaci.com\/wp-content\/uploads\/2025\/08\/D3C5DD7D-1142-4F78-AFA9-DAF31B75B707-scaled.jpeg 780w, https:\/\/www.opdrbatibeybatmaci.com\/wp-content\/uploads\/2025\/08\/D3C5DD7D-1142-4F78-AFA9-DAF31B75B707-scaled.jpeg 360w\" sizes=\"auto, (max-width: 480px) 150px\" src=\"https:\/\/www.opdrbatibeybatmaci.com\/wp-content\/uploads\/2025\/08\/D3C5DD7D-1142-4F78-AFA9-DAF31B75B707-1024x1024.jpeg\" alt=\"\" class=\"uag-image-27675\" width=\"588\" height=\"450\" title=\"\" loading=\"lazy\" role=\"img\"\/><\/figure><\/div>\n\n\n\n<div class=\"wp-block-uagb-image alignleft uagb-block-mseeo8tm wp-block-uagb-image--layout-default wp-block-uagb-image--effect-static wp-block-uagb-image--align-left\"><figure class=\"wp-block-uagb-image__figure\"><img decoding=\"async\" srcset=\"https:\/\/www.opdrbatibeybatmaci.com\/wp-content\/uploads\/2025\/08\/WKXX2005-1024x1024.jpeg ,https:\/\/www.opdrbatibeybatmaci.com\/wp-content\/uploads\/2025\/08\/WKXX2005-scaled.jpeg 780w, https:\/\/www.opdrbatibeybatmaci.com\/wp-content\/uploads\/2025\/08\/WKXX2005-scaled.jpeg 360w\" sizes=\"auto, (max-width: 480px) 150px\" src=\"https:\/\/www.opdrbatibeybatmaci.com\/wp-content\/uploads\/2025\/08\/WKXX2005-1024x1024.jpeg\" alt=\"\" class=\"uag-image-27660\" width=\"588\" height=\"450\" title=\"\" loading=\"lazy\" role=\"img\"\/><\/figure><\/div>\n\n\n\n<div class=\"wp-block-uagb-image alignleft uagb-block-0nyshvt0 wp-block-uagb-image--layout-default wp-block-uagb-image--effect-static wp-block-uagb-image--align-left\"><figure class=\"wp-block-uagb-image__figure\"><img decoding=\"async\" srcset=\"https:\/\/www.opdrbatibeybatmaci.com\/wp-content\/uploads\/2025\/08\/SDAU9395-1024x1024.jpeg ,https:\/\/www.opdrbatibeybatmaci.com\/wp-content\/uploads\/2025\/08\/SDAU9395-scaled.jpeg 780w, https:\/\/www.opdrbatibeybatmaci.com\/wp-content\/uploads\/2025\/08\/SDAU9395-scaled.jpeg 360w\" sizes=\"auto, (max-width: 480px) 150px\" src=\"https:\/\/www.opdrbatibeybatmaci.com\/wp-content\/uploads\/2025\/08\/SDAU9395-1024x1024.jpeg\" alt=\"\" class=\"uag-image-27663\" width=\"588\" height=\"450\" title=\"\" loading=\"lazy\" role=\"img\"\/><\/figure><\/div>\n<\/div>\n<\/div><\/div>\n\n\n\n<div class=\"wp-block-uagb-container uagb-block-vq8v8p5z alignfull uagb-is-root-container\"><div class=\"uagb-container-inner-blocks-wrap\">\n<div class=\"wp-block-uagb-container uagb-block-5eynwk9a\">\n<div class=\"wp-block-uagb-container uagb-block-tnzsb4da\">\n<div class=\"wp-block-uagb-image alignleft uagb-block-41bhpgpc wp-block-uagb-image--layout-default wp-block-uagb-image--effect-static wp-block-uagb-image--align-left\"><figure class=\"wp-block-uagb-image__figure\"><img decoding=\"async\" srcset=\"https:\/\/www.opdrbatibeybatmaci.com\/wp-content\/uploads\/2025\/08\/CDFE4668-1024x1024.jpeg ,https:\/\/www.opdrbatibeybatmaci.com\/wp-content\/uploads\/2025\/08\/CDFE4668-scaled.jpeg 780w, https:\/\/www.opdrbatibeybatmaci.com\/wp-content\/uploads\/2025\/08\/CDFE4668-scaled.jpeg 360w\" sizes=\"auto, (max-width: 480px) 150px\" src=\"https:\/\/www.opdrbatibeybatmaci.com\/wp-content\/uploads\/2025\/08\/CDFE4668-1024x1024.jpeg\" alt=\"\" class=\"uag-image-27662\" width=\"384\" height=\"384\" title=\"\" loading=\"lazy\" role=\"img\"\/><\/figure><\/div>\n\n\n\n<div class=\"wp-block-uagb-image alignleft uagb-block-otpk9imo wp-block-uagb-image--layout-default wp-block-uagb-image--effect-static wp-block-uagb-image--align-left\"><figure class=\"wp-block-uagb-image__figure\"><img decoding=\"async\" srcset=\"https:\/\/www.opdrbatibeybatmaci.com\/wp-content\/uploads\/2025\/08\/LTYH2495-1024x1024.jpeg ,https:\/\/www.opdrbatibeybatmaci.com\/wp-content\/uploads\/2025\/08\/LTYH2495-scaled.jpeg 780w, https:\/\/www.opdrbatibeybatmaci.com\/wp-content\/uploads\/2025\/08\/LTYH2495-scaled.jpeg 360w\" sizes=\"auto, (max-width: 480px) 150px\" src=\"https:\/\/www.opdrbatibeybatmaci.com\/wp-content\/uploads\/2025\/08\/LTYH2495-1024x1024.jpeg\" alt=\"\" class=\"uag-image-27613\" width=\"384\" height=\"512\" title=\"\" loading=\"lazy\" role=\"img\"\/><\/figure><\/div>\n<\/div>\n\n\n\n<div class=\"wp-block-uagb-container uagb-block-py7xs9m6\">\n<div class=\"wp-block-uagb-image alignleft uagb-block-61gra0cj wp-block-uagb-image--layout-default wp-block-uagb-image--effect-static wp-block-uagb-image--align-left\"><figure class=\"wp-block-uagb-image__figure\"><img decoding=\"async\" srcset=\"https:\/\/www.opdrbatibeybatmaci.com\/wp-content\/uploads\/2025\/08\/NDAQ6359-1024x1024.jpeg ,https:\/\/www.opdrbatibeybatmaci.com\/wp-content\/uploads\/2025\/08\/NDAQ6359-scaled.jpeg 780w, https:\/\/www.opdrbatibeybatmaci.com\/wp-content\/uploads\/2025\/08\/NDAQ6359-scaled.jpeg 360w\" sizes=\"auto, (max-width: 480px) 150px\" src=\"https:\/\/www.opdrbatibeybatmaci.com\/wp-content\/uploads\/2025\/08\/NDAQ6359-1024x1024.jpeg\" alt=\"\" class=\"uag-image-27622\" width=\"384\" height=\"308\" title=\"\" loading=\"lazy\" role=\"img\"\/><\/figure><\/div>\n\n\n\n<div class=\"wp-block-uagb-image alignleft uagb-block-pgye9rqq wp-block-uagb-image--layout-default wp-block-uagb-image--effect-static wp-block-uagb-image--align-left\"><figure class=\"wp-block-uagb-image__figure\"><img decoding=\"async\" srcset=\"https:\/\/www.opdrbatibeybatmaci.com\/wp-content\/uploads\/2025\/08\/FUCG4984-1024x1024.jpeg ,https:\/\/www.opdrbatibeybatmaci.com\/wp-content\/uploads\/2025\/08\/FUCG4984-scaled.jpeg 780w, https:\/\/www.opdrbatibeybatmaci.com\/wp-content\/uploads\/2025\/08\/FUCG4984-scaled.jpeg 360w\" sizes=\"auto, (max-width: 480px) 150px\" src=\"https:\/\/www.opdrbatibeybatmaci.com\/wp-content\/uploads\/2025\/08\/FUCG4984-1024x1024.jpeg\" alt=\"\" class=\"uag-image-27621\" width=\"384\" height=\"384\" title=\"\" loading=\"lazy\" role=\"img\"\/><\/figure><\/div>\n\n\n\n<div class=\"wp-block-uagb-image alignleft uagb-block-puag7s8e wp-block-uagb-image--layout-default wp-block-uagb-image--effect-static wp-block-uagb-image--align-left\"><figure class=\"wp-block-uagb-image__figure\"><img decoding=\"async\" srcset=\"https:\/\/www.opdrbatibeybatmaci.com\/wp-content\/uploads\/2025\/08\/RSDX9387-1024x1024.jpeg ,https:\/\/www.opdrbatibeybatmaci.com\/wp-content\/uploads\/2025\/08\/RSDX9387-scaled.jpeg 780w, https:\/\/www.opdrbatibeybatmaci.com\/wp-content\/uploads\/2025\/08\/RSDX9387-scaled.jpeg 360w\" sizes=\"auto, (max-width: 480px) 150px\" src=\"https:\/\/www.opdrbatibeybatmaci.com\/wp-content\/uploads\/2025\/08\/RSDX9387-1024x1024.jpeg\" alt=\"\" class=\"uag-image-27607\" width=\"384\" height=\"288\" title=\"\" loading=\"lazy\" role=\"img\"\/><\/figure><\/div>\n<\/div>\n\n\n\n<div class=\"wp-block-uagb-container uagb-block-anka5h5o\">\n<div class=\"wp-block-uagb-image alignleft uagb-block-wti0joiy wp-block-uagb-image--layout-default wp-block-uagb-image--effect-static wp-block-uagb-image--align-left\"><figure class=\"wp-block-uagb-image__figure\"><img decoding=\"async\" srcset=\"https:\/\/www.opdrbatibeybatmaci.com\/wp-content\/uploads\/2025\/08\/FMTT9307-1024x1024.jpeg ,https:\/\/www.opdrbatibeybatmaci.com\/wp-content\/uploads\/2025\/08\/FMTT9307-scaled.jpeg 780w, https:\/\/www.opdrbatibeybatmaci.com\/wp-content\/uploads\/2025\/08\/FMTT9307-scaled.jpeg 360w\" sizes=\"auto, (max-width: 480px) 150px\" src=\"https:\/\/www.opdrbatibeybatmaci.com\/wp-content\/uploads\/2025\/08\/FMTT9307-1024x1024.jpeg\" alt=\"\" class=\"uag-image-27612\" width=\"384\" height=\"481\" title=\"\" loading=\"lazy\" role=\"img\"\/><\/figure><\/div>\n\n\n\n<div class=\"wp-block-uagb-image uagb-block-xomilnba wp-block-uagb-image--layout-default wp-block-uagb-image--effect-static wp-block-uagb-image--align-none\"><figure class=\"wp-block-uagb-image__figure\"><img decoding=\"async\" srcset=\"https:\/\/www.opdrbatibeybatmaci.com\/wp-content\/uploads\/2025\/08\/205AFD3E-9508-40BD-A627-D8BBE5FE85EE-1024x1024.jpeg ,https:\/\/www.opdrbatibeybatmaci.com\/wp-content\/uploads\/2025\/08\/205AFD3E-9508-40BD-A627-D8BBE5FE85EE-scaled.jpeg 780w, https:\/\/www.opdrbatibeybatmaci.com\/wp-content\/uploads\/2025\/08\/205AFD3E-9508-40BD-A627-D8BBE5FE85EE-scaled.jpeg 360w\" sizes=\"auto, (max-width: 480px) 150px\" src=\"https:\/\/www.opdrbatibeybatmaci.com\/wp-content\/uploads\/2025\/08\/205AFD3E-9508-40BD-A627-D8BBE5FE85EE-1024x1024.jpeg\" alt=\"\" class=\"uag-image-27665\" width=\"384\" height=\"384\" title=\"\" loading=\"lazy\" role=\"img\"\/><\/figure><\/div>\n<\/div>\n<\/div>\n<\/div><\/div>","protected":false},"excerpt":{"rendered":"","protected":false},"author":1,"featured_media":0,"parent":27057,"menu_order":4,"comment_status":"closed","ping_status":"closed","template":"","meta":{"_uag_custom_page_level_css":"","site-sidebar-layout":"no-sidebar","site-content-layout":"plain-container","ast-site-content-layout":"normal-width-container","site-content-style":"unboxed","site-sidebar-style":"unboxed","ast-global-header-display":"","ast-banner-title-visibility":"","ast-main-header-display":"","ast-hfb-above-header-display":"","ast-hfb-below-header-display":"","ast-hfb-mobile-header-display":"","site-post-title":"disabled","ast-breadcrumbs-content":"","ast-featured-img":"disabled","footer-sml-layout":"","theme-transparent-header-meta":"enabled","adv-header-id-meta":"","stick-header-meta":"","header-above-stick-meta":"","header-main-stick-meta":"","header-below-stick-meta":"","astra-migrate-meta-layouts":"set","ast-page-background-enabled":"default","ast-page-background-meta":{"desktop":{"background-color":"","background-image":"","background-repeat":"repeat","background-position":"center center","background-size":"auto","background-attachment":"scroll","background-type":"","background-media":"","overlay-type":"","overlay-color":"","overlay-opacity":"","overlay-gradient":""},"tablet":{"background-color":"","background-image":"","background-repeat":"repeat","background-position":"center center","background-size":"auto","background-attachment":"scroll","background-type":"","background-media":"","overlay-type":"","overlay-color":"","overlay-opacity":"","overlay-gradient":""},"mobile":{"background-color":"","background-image":"","background-repeat":"repeat","background-position":"center center","background-size":"auto","background-attachment":"scroll","background-type":"","background-media":"","overlay-type":"","overlay-color":"","overlay-opacity":"","overlay-gradient":""}},"ast-content-background-meta":{"desktop":{"background-color":"var(--ast-global-color-5)","background-image":"","background-repeat":"repeat","background-position":"center center","background-size":"auto","background-attachment":"scroll","background-type":"","background-media":"","overlay-type":"","overlay-color":"","overlay-opacity":"","overlay-gradient":""},"tablet":{"background-color":"var(--ast-global-color-5)","background-image":"","background-repeat":"repeat","background-position":"center center","background-size":"auto","background-attachment":"scroll","background-type":"","background-media":"","overlay-type":"","overlay-color":"","overlay-opacity":"","overlay-gradient":""},"mobile":{"background-color":"var(--ast-global-color-5)","background-image":"","background-repeat":"repeat","background-position":"center center","background-size":"auto","background-attachment":"scroll","background-type":"","background-media":"","overlay-type":"","overlay-color":"","overlay-opacity":"","overlay-gradient":""}},"footnotes":""},"class_list":["post-28216","page","type-page","status-publish","hentry"],"yoast_head":"<!-- This site is optimized with the Yoast SEO plugin v25.9 - https:\/\/yoast.com\/wordpress\/plugins\/seo\/ -->\n<title>Meme Ameliyatlar\u0131 - Op. Dr. Bat\u0131bey Batmac\u0131<\/title>\n<meta name=\"robots\" content=\"index, follow, max-snippet:-1, max-image-preview:large, max-video-preview:-1\" \/>\n<link rel=\"canonical\" href=\"https:\/\/www.opdrbatibeybatmaci.com\/en\/galeri\/galeri6\/\" \/>\n<meta property=\"og:locale\" content=\"en_GB\" \/>\n<meta property=\"og:type\" content=\"article\" \/>\n<meta property=\"og:title\" content=\"Meme Ameliyatlar\u0131 - Op. Dr. Bat\u0131bey Batmac\u0131\" \/>\n<meta property=\"og:url\" content=\"https:\/\/www.opdrbatibeybatmaci.com\/en\/galeri\/galeri6\/\" \/>\n<meta property=\"og:site_name\" content=\"Op. Dr. Bat\u0131bey Batmac\u0131\" \/>\n<meta property=\"article:modified_time\" content=\"2025-09-11T21:28:55+00:00\" \/>\n<meta property=\"og:image\" content=\"https:\/\/www.opdrbatibeybatmaci.com\/wp-content\/uploads\/2025\/08\/E40930AC-4C8B-4C58-B121-FA60C2E6472F-scaled-e1755038039435-1024x964.jpeg\" \/>\n<meta name=\"twitter:card\" content=\"summary_large_image\" \/>\n<meta name=\"twitter:label1\" content=\"Estimated reading time\" \/>\n\t<meta name=\"twitter:data1\" content=\"3 minutes\" \/>\n<script type=\"application\/ld+json\" class=\"yoast-schema-graph\">{\"@context\":\"https:\/\/schema.org\",\"@graph\":[{\"@type\":\"WebPage\",\"@id\":\"https:\/\/www.opdrbatibeybatmaci.com\/galeri\/galeri6\/\",\"url\":\"https:\/\/www.opdrbatibeybatmaci.com\/galeri\/galeri6\/\",\"name\":\"Meme Ameliyatlar\u0131 - Op. Dr. Bat\u0131bey Batmac\u0131\",\"isPartOf\":{\"@id\":\"https:\/\/www.opdrbatibeybatmaci.com\/en\/#website\"},\"primaryImageOfPage\":{\"@id\":\"https:\/\/www.opdrbatibeybatmaci.com\/galeri\/galeri6\/#primaryimage\"},\"image\":{\"@id\":\"https:\/\/www.opdrbatibeybatmaci.com\/galeri\/galeri6\/#primaryimage\"},\"thumbnailUrl\":\"https:\/\/www.opdrbatibeybatmaci.com\/wp-content\/uploads\/2025\/08\/E40930AC-4C8B-4C58-B121-FA60C2E6472F-scaled-e1755038039435-1024x964.jpeg\",\"datePublished\":\"2025-09-04T19:32:22+00:00\",\"dateModified\":\"2025-09-11T21:28:55+00:00\",\"breadcrumb\":{\"@id\":\"https:\/\/www.opdrbatibeybatmaci.com\/galeri\/galeri6\/#breadcrumb\"},\"inLanguage\":\"en-GB\",\"potentialAction\":[{\"@type\":\"ReadAction\",\"target\":[\"https:\/\/www.opdrbatibeybatmaci.com\/galeri\/galeri6\/\"]}]},{\"@type\":\"ImageObject\",\"inLanguage\":\"en-GB\",\"@id\":\"https:\/\/www.opdrbatibeybatmaci.com\/galeri\/galeri6\/#primaryimage\",\"url\":\"https:\/\/www.opdrbatibeybatmaci.com\/wp-content\/uploads\/2025\/08\/E40930AC-4C8B-4C58-B121-FA60C2E6472F-scaled-e1755038039435-1024x964.jpeg\",\"contentUrl\":\"https:\/\/www.opdrbatibeybatmaci.com\/wp-content\/uploads\/2025\/08\/E40930AC-4C8B-4C58-B121-FA60C2E6472F-scaled-e1755038039435-1024x964.jpeg\"},{\"@type\":\"BreadcrumbList\",\"@id\":\"https:\/\/www.opdrbatibeybatmaci.com\/galeri\/galeri6\/#breadcrumb\",\"itemListElement\":[{\"@type\":\"ListItem\",\"position\":1,\"name\":\"Anasayfa\",\"item\":\"https:\/\/www.opdrbatibeybatmaci.com\/\"},{\"@type\":\"ListItem\",\"position\":2,\"name\":\"Galeri\",\"item\":\"https:\/\/www.opdrbatibeybatmaci.com\/galeri\/\"},{\"@type\":\"ListItem\",\"position\":3,\"name\":\"Meme Ameliyatlar\u0131\"}]},{\"@type\":\"WebSite\",\"@id\":\"https:\/\/www.opdrbatibeybatmaci.com\/en\/#website\",\"url\":\"https:\/\/www.opdrbatibeybatmaci.com\/en\/\",\"name\":\"Op. Dr. Bat\u0131bey Batmac\u0131\",\"description\":\"Plastik, Rekonstr\u00fcktif ve Estetik Cerrah\",\"potentialAction\":[{\"@type\":\"SearchAction\",\"target\":{\"@type\":\"EntryPoint\",\"urlTemplate\":\"https:\/\/www.opdrbatibeybatmaci.com\/en\/?s={search_term_string}\"},\"query-input\":{\"@type\":\"PropertyValueSpecification\",\"valueRequired\":true,\"valueName\":\"search_term_string\"}}],\"inLanguage\":\"en-GB\"}]}<\/script>\n<!-- \/ Yoast SEO plugin. -->","yoast_head_json":{"title":"Meme Ameliyatlar\u0131 - Op. Dr. Bat\u0131bey Batmac\u0131","robots":{"index":"index","follow":"follow","max-snippet":"max-snippet:-1","max-image-preview":"max-image-preview:large","max-video-preview":"max-video-preview:-1"},"canonical":"https:\/\/www.opdrbatibeybatmaci.com\/en\/galeri\/galeri6\/","og_locale":"en_GB","og_type":"article","og_title":"Meme Ameliyatlar\u0131 - Op. Dr. Bat\u0131bey Batmac\u0131","og_url":"https:\/\/www.opdrbatibeybatmaci.com\/en\/galeri\/galeri6\/","og_site_name":"Op. Dr. Bat\u0131bey Batmac\u0131","article_modified_time":"2025-09-11T21:28:55+00:00","og_image":[{"url":"https:\/\/www.opdrbatibeybatmaci.com\/wp-content\/uploads\/2025\/08\/E40930AC-4C8B-4C58-B121-FA60C2E6472F-scaled-e1755038039435-1024x964.jpeg","type":"","width":"","height":""}],"twitter_card":"summary_large_image","twitter_misc":{"Estimated reading time":"3 minutes"},"schema":{"@context":"https:\/\/schema.org","@graph":[{"@type":"WebPage","@id":"https:\/\/www.opdrbatibeybatmaci.com\/galeri\/galeri6\/","url":"https:\/\/www.opdrbatibeybatmaci.com\/galeri\/galeri6\/","name":"Meme Ameliyatlar\u0131 - Op. Dr. Bat\u0131bey Batmac\u0131","isPartOf":{"@id":"https:\/\/www.opdrbatibeybatmaci.com\/en\/#website"},"primaryImageOfPage":{"@id":"https:\/\/www.opdrbatibeybatmaci.com\/galeri\/galeri6\/#primaryimage"},"image":{"@id":"https:\/\/www.opdrbatibeybatmaci.com\/galeri\/galeri6\/#primaryimage"},"thumbnailUrl":"https:\/\/www.opdrbatibeybatmaci.com\/wp-content\/uploads\/2025\/08\/E40930AC-4C8B-4C58-B121-FA60C2E6472F-scaled-e1755038039435-1024x964.jpeg","datePublished":"2025-09-04T19:32:22+00:00","dateModified":"2025-09-11T21:28:55+00:00","breadcrumb":{"@id":"https:\/\/www.opdrbatibeybatmaci.com\/galeri\/galeri6\/#breadcrumb"},"inLanguage":"en-GB","potentialAction":[{"@type":"ReadAction","target":["https:\/\/www.opdrbatibeybatmaci.com\/galeri\/galeri6\/"]}]},{"@type":"ImageObject","inLanguage":"en-GB","@id":"https:\/\/www.opdrbatibeybatmaci.com\/galeri\/galeri6\/#primaryimage","url":"https:\/\/www.opdrbatibeybatmaci.com\/wp-content\/uploads\/2025\/08\/E40930AC-4C8B-4C58-B121-FA60C2E6472F-scaled-e1755038039435-1024x964.jpeg","contentUrl":"https:\/\/www.opdrbatibeybatmaci.com\/wp-content\/uploads\/2025\/08\/E40930AC-4C8B-4C58-B121-FA60C2E6472F-scaled-e1755038039435-1024x964.jpeg"},{"@type":"BreadcrumbList","@id":"https:\/\/www.opdrbatibeybatmaci.com\/galeri\/galeri6\/#breadcrumb","itemListElement":[{"@type":"ListItem","position":1,"name":"Anasayfa","item":"https:\/\/www.opdrbatibeybatmaci.com\/"},{"@type":"ListItem","position":2,"name":"Galeri","item":"https:\/\/www.opdrbatibeybatmaci.com\/galeri\/"},{"@type":"ListItem","position":3,"name":"Meme Ameliyatlar\u0131"}]},{"@type":"WebSite","@id":"https:\/\/www.opdrbatibeybatmaci.com\/en\/#website","url":"https:\/\/www.opdrbatibeybatmaci.com\/en\/","name":"Op. Dr. Bat\u0131bey Batmac\u0131","description":"Plastic, Reconstructive and Aesthetic Surgeon","potentialAction":[{"@type":"SearchAction","target":{"@type":"EntryPoint","urlTemplate":"https:\/\/www.opdrbatibeybatmaci.com\/en\/?s={search_term_string}"},"query-input":{"@type":"PropertyValueSpecification","valueRequired":true,"valueName":"search_term_string"}}],"inLanguage":"en-GB"}]}},"uagb_featured_image_src":{"full":false,"thumbnail":false,"medium":false,"medium_large":false,"large":false,"1536x1536":false,"2048x2048":false,"trp-custom-language-flag":false},"uagb_author_info":{"display_name":"mavi","author_link":"https:\/\/www.opdrbatibeybatmaci.com\/en\/author\/aslan\/"},"uagb_comment_info":0,"uagb_excerpt":null,"_links":{"self":[{"href":"https:\/\/www.opdrbatibeybatmaci.com\/en\/wp-json\/wp\/v2\/pages\/28216","targetHints":{"allow":["GET"]}}],"collection":[{"href":"https:\/\/www.opdrbatibeybatmaci.com\/en\/wp-json\/wp\/v2\/pages"}],"about":[{"href":"https:\/\/www.opdrbatibeybatmaci.com\/en\/wp-json\/wp\/v2\/types\/page"}],"author":[{"embeddable":true,"href":"https:\/\/www.opdrbatibeybatmaci.com\/en\/wp-json\/wp\/v2\/users\/1"}],"replies":[{"embeddable":true,"href":"https:\/\/www.opdrbatibeybatmaci.com\/en\/wp-json\/wp\/v2\/comments?post=28216"}],"version-history":[{"count":4,"href":"https:\/\/www.opdrbatibeybatmaci.com\/en\/wp-json\/wp\/v2\/pages\/28216\/revisions"}],"predecessor-version":[{"id":28513,"href":"https:\/\/www.opdrbatibeybatmaci.com\/en\/wp-json\/wp\/v2\/pages\/28216\/revisions\/28513"}],"up":[{"embeddable":true,"href":"https:\/\/www.opdrbatibeybatmaci.com\/en\/wp-json\/wp\/v2\/pages\/27057"}],"wp:attachment":[{"href":"https:\/\/www.opdrbatibeybatmaci.com\/en\/wp-json\/wp\/v2\/media?parent=28216"}],"curies":[{"name":"wp","href":"https:\/\/api.w.org\/{rel}","templated":true}]}}